{"id":844,"date":"2022-08-26T07:59:24","date_gmt":"2022-08-26T07:59:24","guid":{"rendered":"https:\/\/hodl-consulting.com\/?page_id=844"},"modified":"2022-09-15T10:00:28","modified_gmt":"2022-09-15T10:00:28","slug":"protection-des-donnees","status":"publish","type":"page","link":"https:\/\/hodl-consulting.com\/en\/protection-des-donnees\/","title":{"rendered":"Privacy Statement"},"content":{"rendered":"<div data-elementor-type=\"wp-page\" data-elementor-id=\"844\" class=\"elementor elementor-844\" data-elementor-post-type=\"page\">\n\t\t\t\t\t\t\t\t\t<section class=\"elementor-section elementor-top-section elementor-element elementor-element-9f88d25 elementor-section-boxed elementor-section-height-default elementor-section-height-default\" data-id=\"9f88d25\" data-element_type=\"section\" data-settings=\"{&quot;jet_parallax_layout_list&quot;:[],&quot;_ha_eqh_enable&quot;:false}\">\n\t\t\t\t\t\t<div class=\"elementor-container elementor-column-gap-default\">\n\t\t\t\t\t<div class=\"elementor-column elementor-col-100 elementor-top-column elementor-element elementor-element-558702c\" data-id=\"558702c\" data-element_type=\"column\">\n\t\t\t<div class=\"elementor-widget-wrap elementor-element-populated\">\n\t\t\t\t\t\t\t\t<div class=\"elementor-element elementor-element-15e8b58 elementor-widget elementor-widget-heading\" data-id=\"15e8b58\" data-element_type=\"widget\" data-widget_type=\"heading.default\">\n\t\t\t\t<div class=\"elementor-widget-container\">\n\t\t\t<style>\/*! elementor - v3.15.0 - 09-08-2023 *\/\n.elementor-heading-title{padding:0;margin:0;line-height:1}.elementor-widget-heading .elementor-heading-title[class*=elementor-size-]>a{color:inherit;font-size:inherit;line-height:inherit}.elementor-widget-heading .elementor-heading-title.elementor-size-small{font-size:15px}.elementor-widget-heading .elementor-heading-title.elementor-size-medium{font-size:19px}.elementor-widget-heading .elementor-heading-title.elementor-size-large{font-size:29px}.elementor-widget-heading .elementor-heading-title.elementor-size-xl{font-size:39px}.elementor-widget-heading .elementor-heading-title.elementor-size-xxl{font-size:59px}<\/style><h2 class=\"elementor-heading-title elementor-size-default\">Privacy Statement<\/h2>\t\t<\/div>\n\t\t\t\t<\/div>\n\t\t\t\t<div class=\"elementor-element elementor-element-59c49f4 elementor-widget elementor-widget-text-editor\" data-id=\"59c49f4\" data-element_type=\"widget\" data-widget_type=\"text-editor.default\">\n\t\t\t\t<div class=\"elementor-widget-container\">\n\t\t\t<style>\/*! elementor - v3.15.0 - 09-08-2023 *\/\n.elementor-widget-text-editor.elementor-drop-cap-view-stacked .elementor-drop-cap{background-color:#69727d;color:#fff}.elementor-widget-text-editor.elementor-drop-cap-view-framed .elementor-drop-cap{color:#69727d;border:3px solid;background-color:transparent}.elementor-widget-text-editor:not(.elementor-drop-cap-view-default) .elementor-drop-cap{margin-top:8px}.elementor-widget-text-editor:not(.elementor-drop-cap-view-default) .elementor-drop-cap-letter{width:1em;height:1em}.elementor-widget-text-editor .elementor-drop-cap{float:left;text-align:center;line-height:1;font-size:50px}.elementor-widget-text-editor .elementor-drop-cap-letter{display:inline-block}<\/style>\t\t\t\t<h5><strong>Origin of data collected<\/strong><\/h5><p><span style=\"font-weight: 400;\">Data is collected<\/span><\/p><ul><li style=\"font-weight: 400;\" aria-level=\"1\"><span style=\"font-weight: 400;\">via the contact section, <\/span><span style=\"font-weight: 400;\">which asks for your consent\u00a0<\/span><ul><li style=\"font-weight: 400;\" aria-level=\"2\"><span style=\"font-weight: 400;\">for the exploitation of your data<\/span><\/li><\/ul><\/li><li style=\"font-weight: 400;\" aria-level=\"1\"><span style=\"font-weight: 400;\">when you provide us with your information:\u00a0<\/span><ul><li style=\"font-weight: 400;\" aria-level=\"2\"><span style=\"font-weight: 400;\">verbally,<\/span><\/li><li style=\"font-weight: 400;\" aria-level=\"2\"><span style=\"font-weight: 400;\">by submitting a business card, or a flyer, etc.,<\/span><\/li><\/ul><\/li><li style=\"font-weight: 400;\" aria-level=\"1\"><span style=\"font-weight: 400;\">by sending us an email whether or not it includes your electronic signature<\/span><\/li><li style=\"font-weight: 400;\" aria-level=\"1\"><span style=\"font-weight: 400;\">through a partner in which case we will inform you<\/span><\/li><li style=\"font-weight: 400;\" aria-level=\"1\"><span style=\"font-weight: 400;\">through an announcement \/ advertisement containing your information<\/span><\/li><li style=\"font-weight: 400;\" aria-level=\"1\"><span style=\"font-weight: 400;\">by sending us a message via the social networks WhatsApp, Telegram, Discord, Linkedin and Twitter<\/span><\/li><\/ul><p><span style=\"font-weight: 400;\">For any automated sending of emails, you will be in the list of recipients only if you have consented to receive such emails.<\/span><\/p><h5><b>Data collected<\/b><\/h5><p><span style=\"font-weight: 400;\">Data deemed personal is therefore limited to the essentials for the proper functioning of our correspondence and our relationship<\/span><\/p><h5><b>They are usually:<\/b><\/h5><ul><li style=\"font-weight: 400;\" aria-level=\"1\"><span style=\"font-weight: 400;\">The title<\/span><\/li><li style=\"font-weight: 400;\" aria-level=\"1\"><span style=\"font-weight: 400;\">The name<\/span><\/li><li style=\"font-weight: 400;\" aria-level=\"1\"><span style=\"font-weight: 400;\">First name<\/span><\/li><li style=\"font-weight: 400;\" aria-level=\"1\"><span style=\"font-weight: 400;\">The email(s) containing your identity<\/span><\/li><\/ul><h5><b>Use of your personal data<\/b><\/h5><p><span style=\"font-weight: 400;\">Your personal data is used<\/span><\/p><ul><li style=\"font-weight: 400;\" aria-level=\"1\"><span style=\"font-weight: 400;\">For correspondence between you and us;<\/span><\/li><li style=\"font-weight: 400;\" aria-level=\"1\"><span style=\"font-weight: 400;\">Possibly for statistical purposes for internal use at <\/span><a href=\"https:\/\/hodl-consulting.com\/en\/\"><span style=\"font-weight: 400;\">www.hodl-consulting.com<\/span><\/a><span style=\"font-weight: 400;\"> ;<\/span><\/li><li style=\"font-weight: 400;\" aria-level=\"1\"><span style=\"font-weight: 400;\">For the management of the automated newsletter (with prior consent).<\/span><\/li><\/ul><p><span style=\"font-weight: 400;\">For any \"public\" use that would be made (testimonial, advertising, etc.) we will ask for your prior consent.<\/span><\/p><h5><b>Basis for processing and storing your personal data<\/b><\/h5><ul><li style=\"font-weight: 400;\" aria-level=\"1\"><span style=\"font-weight: 400;\">Fulfill our legal obligations;<\/span><\/li><li style=\"font-weight: 400;\" aria-level=\"1\"><span style=\"font-weight: 400;\">Compliance with our terms and conditions;<\/span><\/li><li style=\"font-weight: 400;\" aria-level=\"1\"><span style=\"font-weight: 400;\">Ensure the progress of a contract, a service;<\/span><\/li><li style=\"font-weight: 400;\" aria-level=\"1\"><span style=\"font-weight: 400;\">Protection of our legitimate interests unless those interests are overridden by your interests or your rights and freedoms under the GDPR.<\/span><\/li><\/ul><h5><b>Recipient of your personal data<\/b><\/h5><ul><li style=\"font-weight: 400;\" aria-level=\"1\"><a href=\"https:\/\/hodl-consulting.com\/en\/\"><span style=\"font-weight: 400;\">hodl-consulting.com<\/span><\/a><span style=\"font-weight: 400;\"> does not sell or resell your personal data. ;<\/span><\/li><li style=\"font-weight: 400;\" aria-level=\"1\"><a href=\"https:\/\/hodl-consulting.com\/en\/\"><span style=\"font-weight: 400;\">hodl-consulting.com<\/span><\/a><span style=\"font-weight: 400;\"> however reserves the right to transmit personal data to its subcontractors and partners involved in the execution of a contract concluded with you, in compliance with the Law and the GDPR;<\/span><\/li><li style=\"font-weight: 400;\" aria-level=\"1\"><span style=\"font-weight: 400;\">In the event that your data should be communicated in part or in full to a third party, this cannot be done without your prior consent;<\/span><\/li><\/ul><h5><b>Retention of your personal data<\/b><\/h5><p><span style=\"font-weight: 400;\">The data will be processed according to the requirements of the GDPR<\/span><\/p><h5><b>Securing your personal data<\/b><\/h5><ul><li style=\"font-weight: 400;\" aria-level=\"1\"><span style=\"font-weight: 400;\">Encrypted sending of the data contained in the contact forms<\/span><\/li><li style=\"font-weight: 400;\" aria-level=\"1\"><span style=\"font-weight: 400;\">Storage on an up-to-date computer, both in terms of its operating system and its security (antivirus, etc.), and accessible by password by the manager.<\/span><\/li><li style=\"font-weight: 400;\" aria-level=\"1\"><span style=\"font-weight: 400;\">Emails and contacts are stored in the cloud.<\/span><\/li><\/ul><h5><b>Your rights over your personal data<\/b><\/h5><ul><li style=\"font-weight: 400;\" aria-level=\"1\"><span style=\"font-weight: 400;\">Exercise your right to be informed;<\/span><\/li><li style=\"font-weight: 400;\" aria-level=\"1\"><span style=\"font-weight: 400;\">Exercise your right to object;<\/span><\/li><li style=\"font-weight: 400;\" aria-level=\"1\"><span style=\"font-weight: 400;\">Exercise your right to verify and\/or rectify your data;<\/span><\/li><li style=\"font-weight: 400;\" aria-level=\"1\"><span style=\"font-weight: 400;\">Exercise your right to dereference content associated with your first and last name;<\/span><\/li><li style=\"font-weight: 400;\" aria-level=\"1\"><span style=\"font-weight: 400;\">Exercise your right to delete your data;<\/span><\/li><li style=\"font-weight: 400;\" aria-level=\"1\"><span style=\"font-weight: 400;\">Exercise your right to portability;<\/span><\/li><li style=\"font-weight: 400;\" aria-level=\"1\"><span style=\"font-weight: 400;\">Exercise your right related to profiling;<\/span><\/li><li style=\"font-weight: 400;\" aria-level=\"1\"><span style=\"font-weight: 400;\">Exercise your right to data restriction;<\/span><\/li><\/ul><p><span style=\"font-weight: 400;\">For more information, see the following page:<\/span><\/p><p><a href=\"https:\/\/www.cnil.fr\/fr\/comprendre-vos-droits\" target=\"_blank\" rel=\"noopener\"><span style=\"font-weight: 400;\">https:\/\/www.cnil.fr\/fr\/comprendre-vos-droits<\/span><\/a><\/p><p><span style=\"font-weight: 400;\">To exercise your rights, you can send us your request by email to\u00a0<\/span><a href=\"mailto:houssen@hodl-consulting.com\"><b>houssen@hodl-consulting.com<\/b><\/a><span style=\"font-weight: 400;\">\u00a0pecifying that your request concerns the site <\/span><a href=\"https:\/\/hodl-consulting.com\/en\/\"><span style=\"font-weight: 400;\">hodl-consulting.com<\/span><\/a><span style=\"font-weight: 400;\">\u00a0.<\/span><\/p><p><span style=\"font-weight: 400;\">Your request will be processed within the time limits provided by law.<\/span><\/p><h5><b>Various<\/b><\/h5><p><span style=\"font-weight: 400;\">You can consult the legal notices of the institutional site which will give additional legal information (cookies, person in charge of publication, identification of the company, etc\u2026): <a href=\"https:\/\/hodl-consulting.com\/en\/mentions-legales\/\">https:\/\/hodl-consulting.com\/mentions-legales\/<\/a><br \/><\/span><\/p>\t\t\t\t\t\t<\/div>\n\t\t\t\t<\/div>\n\t\t\t\t\t<\/div>\n\t\t<\/div>\n\t\t\t\t\t\t\t<\/div>\n\t\t<\/section>\n\t\t\t\t\t\t\t<\/div>","protected":false},"excerpt":{"rendered":"<p>Protection des donn\u00e9es Origine des donn\u00e9es collect\u00e9es Les donn\u00e9es sont collect\u00e9es via la rubrique contact, qui demande votre consentement\u00a0 pour l\u2019exploitation de vos donn\u00e9es lorsque vous nous communiquez vos informations\u00a0:\u00a0 oralement, en remettant une carte de visite, ou un flyer, etc., en nous adressant un courriel qu\u2019il comporte ou non votre signature \u00e9lectronique par le [&hellip;]<\/p>","protected":false},"author":1,"featured_media":0,"parent":0,"menu_order":0,"comment_status":"closed","ping_status":"closed","template":"elementor_header_footer","meta":{"footnotes":""},"class_list":["post-844","page","type-page","status-publish","hentry"],"_links":{"self":[{"href":"https:\/\/hodl-consulting.com\/en\/wp-json\/wp\/v2\/pages\/844","targetHints":{"allow":["GET"]}}],"collection":[{"href":"https:\/\/hodl-consulting.com\/en\/wp-json\/wp\/v2\/pages"}],"about":[{"href":"https:\/\/hodl-consulting.com\/en\/wp-json\/wp\/v2\/types\/page"}],"author":[{"embeddable":true,"href":"https:\/\/hodl-consulting.com\/en\/wp-json\/wp\/v2\/users\/1"}],"replies":[{"embeddable":true,"href":"https:\/\/hodl-consulting.com\/en\/wp-json\/wp\/v2\/comments?post=844"}],"version-history":[{"count":28,"href":"https:\/\/hodl-consulting.com\/en\/wp-json\/wp\/v2\/pages\/844\/revisions"}],"predecessor-version":[{"id":2687,"href":"https:\/\/hodl-consulting.com\/en\/wp-json\/wp\/v2\/pages\/844\/revisions\/2687"}],"wp:attachment":[{"href":"https:\/\/hodl-consulting.com\/en\/wp-json\/wp\/v2\/media?parent=844"}],"curies":[{"name":"wp","href":"https:\/\/api.w.org\/{rel}","templated":true}]}}