{"id":779,"date":"2022-08-24T06:00:46","date_gmt":"2022-08-24T06:00:46","guid":{"rendered":"https:\/\/hodl-consulting.com\/?page_id=779"},"modified":"2022-09-11T15:50:43","modified_gmt":"2022-09-11T15:50:43","slug":"mentions-legales","status":"publish","type":"page","link":"https:\/\/hodl-consulting.com\/en\/mentions-legales\/","title":{"rendered":"Terms &amp; Conditions"},"content":{"rendered":"<div data-elementor-type=\"wp-page\" data-elementor-id=\"779\" class=\"elementor elementor-779\" data-elementor-post-type=\"page\">\n\t\t\t\t\t\t\t\t\t<section class=\"elementor-section elementor-top-section elementor-element elementor-element-9f88d25 elementor-section-boxed elementor-section-height-default elementor-section-height-default\" data-id=\"9f88d25\" data-element_type=\"section\" data-settings=\"{&quot;jet_parallax_layout_list&quot;:[],&quot;_ha_eqh_enable&quot;:false}\">\n\t\t\t\t\t\t<div class=\"elementor-container elementor-column-gap-default\">\n\t\t\t\t\t<div class=\"elementor-column elementor-col-100 elementor-top-column elementor-element elementor-element-558702c\" data-id=\"558702c\" data-element_type=\"column\">\n\t\t\t<div class=\"elementor-widget-wrap elementor-element-populated\">\n\t\t\t\t\t\t\t\t<div class=\"elementor-element elementor-element-4569f0d elementor-widget elementor-widget-heading\" data-id=\"4569f0d\" data-element_type=\"widget\" data-widget_type=\"heading.default\">\n\t\t\t\t<div class=\"elementor-widget-container\">\n\t\t\t<style>\/*! elementor - v3.15.0 - 09-08-2023 *\/\n.elementor-heading-title{padding:0;margin:0;line-height:1}.elementor-widget-heading .elementor-heading-title[class*=elementor-size-]>a{color:inherit;font-size:inherit;line-height:inherit}.elementor-widget-heading .elementor-heading-title.elementor-size-small{font-size:15px}.elementor-widget-heading .elementor-heading-title.elementor-size-medium{font-size:19px}.elementor-widget-heading .elementor-heading-title.elementor-size-large{font-size:29px}.elementor-widget-heading .elementor-heading-title.elementor-size-xl{font-size:39px}.elementor-widget-heading .elementor-heading-title.elementor-size-xxl{font-size:59px}<\/style><h2 class=\"elementor-heading-title elementor-size-default\">Terms &amp; Conditions<\/h2>\t\t<\/div>\n\t\t\t\t<\/div>\n\t\t\t\t<div class=\"elementor-element elementor-element-59c49f4 elementor-widget elementor-widget-text-editor\" data-id=\"59c49f4\" data-element_type=\"widget\" data-widget_type=\"text-editor.default\">\n\t\t\t\t<div class=\"elementor-widget-container\">\n\t\t\t<style>\/*! elementor - v3.15.0 - 09-08-2023 *\/\n.elementor-widget-text-editor.elementor-drop-cap-view-stacked .elementor-drop-cap{background-color:#69727d;color:#fff}.elementor-widget-text-editor.elementor-drop-cap-view-framed .elementor-drop-cap{color:#69727d;border:3px solid;background-color:transparent}.elementor-widget-text-editor:not(.elementor-drop-cap-view-default) .elementor-drop-cap{margin-top:8px}.elementor-widget-text-editor:not(.elementor-drop-cap-view-default) .elementor-drop-cap-letter{width:1em;height:1em}.elementor-widget-text-editor .elementor-drop-cap{float:left;text-align:center;line-height:1;font-size:50px}.elementor-widget-text-editor .elementor-drop-cap-letter{display:inline-block}<\/style>\t\t\t\t<h5><b>1.Presentation of the site<\/b><\/h5><p><span style=\"font-weight: 400;\">Under Article 6 of Law No. 2004-575 of June 21, 2004 on confidence in the digital economy, it is specified to users of the site\u00a0<\/span><a href=\"https:\/\/hodl-consulting.com\/en\/\"><b>www.hodl-consulting.com<\/b><\/a><span style=\"font-weight: 400;\"> \u00a0the identity of the various stakeholders in the context of its implementation and monitoring.<\/span><\/p><p><b>The hold-consulting site is edited by:<\/b><\/p><p><span style=\"font-weight: 400;\">EVK Digital<\/span><\/p><p><span style=\"font-weight: 400;\">RCS\u00a0: 894101773<\/span><\/p><p><span style=\"font-weight: 400;\">APE: 6201Z<\/span><\/p><p><span style=\"font-weight: 400;\">Mail\u00a0: contact@evankiefer.com<\/span><\/p><h5><b>Responsible for the website and director of publication:<\/b><\/h5><p><span style=\"font-weight: 400;\">Houssen ISSOUF ALY, chartered accountant, member of the Order of Chartered Accountants of Paris, \u00cele-de-France<\/span><\/p><p><span style=\"font-weight: 400;\">mail : <\/span><a href=\"mailto:houssen@hodl-consulting.com\"><span style=\"font-weight: 400;\">houssen@hodl-consulting.com<\/span><\/a><\/p><h5><b>This site is hosted by:<\/b><\/h5><p><span style=\"font-weight: 400;\">IONOS SARL<\/span><\/p><p><span style=\"font-weight: 400;\">SARL au capital de 100 000 \u20ac<\/span><\/p><p><span style=\"font-weight: 400;\">RCS Sarreguemines B 431 303 775<\/span><\/p><p><span style=\"font-weight: 400;\">Code APE : 642B<\/span><\/p><p><span style=\"font-weight: 400;\">N\u00b0 TVA : FR 13 431303775<\/span><\/p><p><span style=\"font-weight: 400;\">Head office: 7, place de la Gare, BP 70109, 57201 Sarreguemines Cedex<\/span><\/p><h5><b>2. Use of site data<\/b><\/h5><p><span style=\"font-weight: 400;\">Users of this site are required to comply with the provisions of the law relating to data processing, files and freedoms, the violation of which is punishable by criminal penalties<\/span><\/p><p><span style=\"font-weight: 400;\">The general structure, as well as the software, texts, images (animated or not), videos, its know-how, and all other component elements of the site are the exclusive property of HODL Consulting<\/span><\/p><p><span style=\"font-weight: 400;\">Any total or partial representation of this site by any means whatsoever without the express authorization of HODL Consulting is prohibited and constitutes an infringement punishable by articles L.335-2 and following of the Intellectual Property Code.<\/span><\/p><p><span style=\"font-weight: 400;\">The HODL Consulting brand and the logo appearing on the site are registered trademarks or are the property of the president of HODL Consulting. Any total or partial reproduction of this brand or its logo, made from elements of the site without the express authorization of HODL Consulting is therefore prohibited, within the meaning of article L.713-2 of the Intellectual Property Code. Illegal use of this mark may therefore be prosecuted within the limits permitted by law. To obtain this written consent, please contact the webmaster or use the \"contact\" function.<\/span><\/p><p><span style=\"font-weight: 400;\">The information of general interest, which is contained on this site and to which access is permitted, is provided for information purposes only by the entity HODL Consulting designated on the homepage as being the owner of the site. The information is not provided with the intention of replacing, and does not seek to substitute for, legal, accounting, tax or other professional advice, consultation or service. To obtain these services, you should consult with a HODL Consulting professional in the relevant field, whether legal, accounting, tax or any other professional nature.<\/span><\/p><p><span style=\"font-weight: 400;\">HODL Consulting's obligation to supply is limited to an obligation of means. The information is therefore provided as is, without warranty of any kind, whether express or implied, in particular concerning its degree of accuracy, timeliness and completeness.<\/span><\/p><h5><b>3. Limitations of Liability<\/b><\/h5><p><span style=\"font-weight: 400;\">HODL Consulting cannot be held responsible for direct and indirect damage caused to the user's equipment, when accessing the site\u00a0<\/span><a href=\"https:\/\/hodl-consulting.com\/en\/\"><span style=\"font-weight: 400;\">www.hodl-consulting.com<\/span><\/a><span style=\"font-weight: 400;\">, and resulting either from the use of equipment, or from the appearance of a bug or an incompatibility.<\/span><\/p><p><span style=\"font-weight: 400;\">HODL Consulting cannot also be held responsible for consequential damages (such as loss of market or loss of opportunity) resulting from the use of the site <\/span><a href=\"https:\/\/hodl-consulting.com\/en\/\"><b>www.hodl-consulting.com<\/b><\/a><\/p><p><span style=\"font-weight: 400;\">HODL Consulting reserves the right to delete, without prior notice, any content posted in the Contact space that contravenes the legislation applicable in France, in particular the provisions relating to data protection. If necessary, HODL Consulting also reserves the right to question the civil and\/or criminal liability of the user, in particular in the event of a racist, abusive, defamatory or pornographic message, regardless of the medium used ( text, photography, etc.).<\/span><\/p><h5><b>4.Hypertext links and cookies<\/b><\/h5><p><span style=\"font-weight: 400;\">The site\u00a0<\/span><a href=\"https:\/\/hodl-consulting.com\/en\/\"><span style=\"font-weight: 400;\">www.hodl-consulting.com<\/span><\/a><span style=\"font-weight: 400;\">\u00a0contains a number of hypertext links to other sites, set up with the authorization of HODL Consulting. However, HODL Consulting does not have the possibility of verifying the content of the sites thus visited, and will therefore not assume any responsibility for this fact.<\/span><\/p><p><span style=\"font-weight: 400;\">Browsing on the site\u00a0<\/span><a href=\"https:\/\/hodl-consulting.com\/en\/\"><span style=\"font-weight: 400;\">www.hodl-consulting.com<\/span><\/a><span style=\"font-weight: 400;\">\u00a0contains a number of hypertext links to other sites, set up with the authorization of HODL Consulting. However, HODL Consulting does not have the possibility of verifying the content of the sites thus visited, and will therefore not assume any responsibility for this fact.<\/span><\/p><p><span style=\"font-weight: 400;\">Refusal to install a cookie may make it impossible to access certain services. However, the user can configure his computer as follows to refuse the installation of cookies:<\/span><\/p><p><span style=\"font-weight: 400;\">Under Internet Explorer: tool tab (pictogram in the form of a cog at the top right) \/ internet options. Click on Privacy and choose Block all cookies. Validate on Ok.<\/span><\/p><p><span style=\"font-weight: 400;\">In Firefox: at the top of the browser window, click on the Firefox button, then go to the Options tab. Click on the Privacy tab. Set the Retention rules to: use custom settings for history. Finally uncheck it to disable cookies.<\/span><\/p><p><span style=\"font-weight: 400;\">Under Safari: Click at the top right of the browser on the menu icon (symbolized by a cog). Select Settings. Click Show advanced settings. In the \"Privacy\" section, click Content Settings. In the \"Cookies\" section, you can block cookies.<\/span><\/p><p><span style=\"font-weight: 400;\">In Chrome: Click at the top right of the browser on the menu icon (symbolized by three horizontal lines). Select Settings. Click Show advanced settings. In the \"Privacy\" section, click preferences. In the \"Privacy\" tab, you can block cookies.<\/span><\/p><h5><b>5. Applicable law and attribution of jurisdiction<\/b><\/h5><p><span style=\"font-weight: 400;\">Any dispute in connection with the use of the site\u00a0<\/span><a href=\"https:\/\/hodl-consulting.com\/en\/\"><span style=\"font-weight: 400;\">www.hodl-consulting.com<\/span><\/a><span style=\"font-weight: 400;\"> is subject to French law. Exclusive jurisdiction is given to the competent courts of Paris.<\/span><\/p>\t\t\t\t\t\t<\/div>\n\t\t\t\t<\/div>\n\t\t\t\t\t<\/div>\n\t\t<\/div>\n\t\t\t\t\t\t\t<\/div>\n\t\t<\/section>\n\t\t\t\t\t\t\t<\/div>","protected":false},"excerpt":{"rendered":"<p>Mentions l\u00e9gales 1.Pr\u00e9sentation du site En vertu de l\u2019article 6 de la loi n\u00b0 2004-575 du 21 juin 2004 pour la confiance dans l\u2019\u00e9conomie num\u00e9rique, il est pr\u00e9cis\u00e9 aux utilisateurs du site\u00a0www.hodl-consulting.com \u00a0l\u2019identit\u00e9 des diff\u00e9rents intervenants dans le cadre de sa r\u00e9alisation et de son suivi. Le site www.hold-consulting est \u00e9dit\u00e9 par : EVK Digital [&hellip;]<\/p>","protected":false},"author":1,"featured_media":0,"parent":0,"menu_order":0,"comment_status":"closed","ping_status":"closed","template":"elementor_header_footer","meta":{"footnotes":""},"class_list":["post-779","page","type-page","status-publish","hentry"],"_links":{"self":[{"href":"https:\/\/hodl-consulting.com\/en\/wp-json\/wp\/v2\/pages\/779","targetHints":{"allow":["GET"]}}],"collection":[{"href":"https:\/\/hodl-consulting.com\/en\/wp-json\/wp\/v2\/pages"}],"about":[{"href":"https:\/\/hodl-consulting.com\/en\/wp-json\/wp\/v2\/types\/page"}],"author":[{"embeddable":true,"href":"https:\/\/hodl-consulting.com\/en\/wp-json\/wp\/v2\/users\/1"}],"replies":[{"embeddable":true,"href":"https:\/\/hodl-consulting.com\/en\/wp-json\/wp\/v2\/comments?post=779"}],"version-history":[{"count":16,"href":"https:\/\/hodl-consulting.com\/en\/wp-json\/wp\/v2\/pages\/779\/revisions"}],"predecessor-version":[{"id":2615,"href":"https:\/\/hodl-consulting.com\/en\/wp-json\/wp\/v2\/pages\/779\/revisions\/2615"}],"wp:attachment":[{"href":"https:\/\/hodl-consulting.com\/en\/wp-json\/wp\/v2\/media?parent=779"}],"curies":[{"name":"wp","href":"https:\/\/api.w.org\/{rel}","templated":true}]}}