{"id":1258,"date":"2022-08-30T16:31:00","date_gmt":"2022-08-30T16:31:00","guid":{"rendered":"https:\/\/hodl-consulting.com\/?page_id=1258"},"modified":"2022-10-12T09:26:42","modified_gmt":"2022-10-12T09:26:42","slug":"espace-membre","status":"publish","type":"page","link":"https:\/\/hodl-consulting.com\/en\/espace-membre\/","title":{"rendered":"Espace membre"},"content":{"rendered":"<div data-elementor-type=\"wp-page\" data-elementor-id=\"1258\" class=\"elementor elementor-1258\" data-elementor-post-type=\"page\">\n\t\t\t\t\t\t\t\t\t<section class=\"elementor-section elementor-top-section elementor-element elementor-element-32b4ef4c elementor-reverse-mobile elementor-section-boxed elementor-section-height-default elementor-section-height-default\" data-id=\"32b4ef4c\" data-element_type=\"section\" data-settings=\"{&quot;jet_parallax_layout_list&quot;:[],&quot;_ha_eqh_enable&quot;:false}\">\n\t\t\t\t\t\t<div class=\"elementor-container elementor-column-gap-default\">\n\t\t\t\t\t<div class=\"elementor-column elementor-col-50 elementor-top-column elementor-element elementor-element-44f729f7 elementor-invisible\" data-id=\"44f729f7\" data-element_type=\"column\" data-settings=\"{&quot;background_background&quot;:&quot;classic&quot;,&quot;animation&quot;:&quot;fadeInUp&quot;}\">\n\t\t\t<div class=\"elementor-widget-wrap elementor-element-populated\">\n\t\t\t\t\t\t\t\t<div class=\"elementor-element elementor-element-f790e5e elementor-widget elementor-widget-heading\" data-id=\"f790e5e\" data-element_type=\"widget\" data-widget_type=\"heading.default\">\n\t\t\t\t<div class=\"elementor-widget-container\">\n\t\t\t<style>\/*! elementor - v3.15.0 - 09-08-2023 *\/\n.elementor-heading-title{padding:0;margin:0;line-height:1}.elementor-widget-heading .elementor-heading-title[class*=elementor-size-]>a{color:inherit;font-size:inherit;line-height:inherit}.elementor-widget-heading .elementor-heading-title.elementor-size-small{font-size:15px}.elementor-widget-heading .elementor-heading-title.elementor-size-medium{font-size:19px}.elementor-widget-heading .elementor-heading-title.elementor-size-large{font-size:29px}.elementor-widget-heading .elementor-heading-title.elementor-size-xl{font-size:39px}.elementor-widget-heading .elementor-heading-title.elementor-size-xxl{font-size:59px}<\/style><h2 class=\"elementor-heading-title elementor-size-default\">Client portal<\/h2>\t\t<\/div>\n\t\t\t\t<\/div>\n\t\t\t\t<div class=\"elementor-element elementor-element-2819ea4 elementor-widget elementor-widget-text-editor\" data-id=\"2819ea4\" data-element_type=\"widget\" data-widget_type=\"text-editor.default\">\n\t\t\t\t<div class=\"elementor-widget-container\">\n\t\t\t<style>\/*! elementor - v3.15.0 - 09-08-2023 *\/\n.elementor-widget-text-editor.elementor-drop-cap-view-stacked .elementor-drop-cap{background-color:#69727d;color:#fff}.elementor-widget-text-editor.elementor-drop-cap-view-framed .elementor-drop-cap{color:#69727d;border:3px solid;background-color:transparent}.elementor-widget-text-editor:not(.elementor-drop-cap-view-default) .elementor-drop-cap{margin-top:8px}.elementor-widget-text-editor:not(.elementor-drop-cap-view-default) .elementor-drop-cap-letter{width:1em;height:1em}.elementor-widget-text-editor .elementor-drop-cap{float:left;text-align:center;line-height:1;font-size:50px}.elementor-widget-text-editor .elementor-drop-cap-letter{display:inline-block}<\/style>\t\t\t\t<p>Filling of documents and follow up of your accounting :\u00a0<\/p>\t\t\t\t\t\t<\/div>\n\t\t\t\t<\/div>\n\t\t\t\t<section class=\"elementor-section elementor-inner-section elementor-element elementor-element-43566c6 elementor-section-boxed elementor-section-height-default elementor-section-height-default\" data-id=\"43566c6\" data-element_type=\"section\" data-settings=\"{&quot;jet_parallax_layout_list&quot;:[],&quot;_ha_eqh_enable&quot;:false}\">\n\t\t\t\t\t\t<div class=\"elementor-container elementor-column-gap-default\">\n\t\t\t\t\t<div class=\"elementor-column elementor-col-33 elementor-inner-column elementor-element elementor-element-3508b28\" data-id=\"3508b28\" data-element_type=\"column\">\n\t\t\t<div class=\"elementor-widget-wrap elementor-element-populated\">\n\t\t\t\t\t\t\t\t<div class=\"elementor-element elementor-element-61a1325 elementor-widget elementor-widget-image\" data-id=\"61a1325\" data-element_type=\"widget\" data-widget_type=\"image.default\">\n\t\t\t\t<div class=\"elementor-widget-container\">\n\t\t\t<style>\/*! elementor - v3.15.0 - 09-08-2023 *\/\n.elementor-widget-image{text-align:center}.elementor-widget-image a{display:inline-block}.elementor-widget-image a img[src$=\".svg\"]{width:48px}.elementor-widget-image img{vertical-align:middle;display:inline-block}<\/style>\t\t\t\t\t\t\t\t\t\t\t\t\t<a href=\"https:\/\/app.pennylane.com\/users\/login\" target=\"_blank\" rel=\"noopener\">\n\t\t\t\t\t\t\t<img loading=\"lazy\" decoding=\"async\" width=\"209\" height=\"241\" src=\"https:\/\/hodl-consulting.com\/wp-content\/uploads\/2022\/08\/Pennylane.png\" class=\"elementor-animation-pulse attachment-large size-large wp-image-1274\" alt=\"*\" srcset=\"https:\/\/hodl-consulting.com\/wp-content\/uploads\/2022\/08\/Pennylane.png 209w, https:\/\/hodl-consulting.com\/wp-content\/uploads\/2022\/08\/Pennylane-10x12.png 10w\" sizes=\"auto, (max-width: 209px) 100vw, 209px\" \/>\t\t\t\t\t\t\t\t<\/a>\n\t\t\t\t\t\t\t\t\t\t\t\t\t\t\t<\/div>\n\t\t\t\t<\/div>\n\t\t\t\t\t<\/div>\n\t\t<\/div>\n\t\t\t\t<div class=\"elementor-column elementor-col-33 elementor-inner-column elementor-element elementor-element-6b23174\" data-id=\"6b23174\" data-element_type=\"column\">\n\t\t\t<div class=\"elementor-widget-wrap elementor-element-populated\">\n\t\t\t\t\t\t\t\t<div class=\"elementor-element elementor-element-484896e elementor-widget elementor-widget-image\" data-id=\"484896e\" data-element_type=\"widget\" data-widget_type=\"image.default\">\n\t\t\t\t<div class=\"elementor-widget-container\">\n\t\t\t\t\t\t\t\t\t\t\t\t\t\t\t\t<a href=\"https:\/\/apps.tiime.fr\/signin\" target=\"_blank\" rel=\"noopener\">\n\t\t\t\t\t\t\t<img loading=\"lazy\" decoding=\"async\" width=\"328\" height=\"426\" src=\"https:\/\/hodl-consulting.com\/wp-content\/uploads\/2022\/08\/8669e673-c676-4283-acf4-17610ae2a8f3.png\" class=\"elementor-animation-pulse attachment-large size-large wp-image-1281\" alt=\"*\" srcset=\"https:\/\/hodl-consulting.com\/wp-content\/uploads\/2022\/08\/8669e673-c676-4283-acf4-17610ae2a8f3.png 328w, https:\/\/hodl-consulting.com\/wp-content\/uploads\/2022\/08\/8669e673-c676-4283-acf4-17610ae2a8f3-231x300.png 231w, https:\/\/hodl-consulting.com\/wp-content\/uploads\/2022\/08\/8669e673-c676-4283-acf4-17610ae2a8f3-9x12.png 9w\" sizes=\"auto, (max-width: 328px) 100vw, 328px\" \/>\t\t\t\t\t\t\t\t<\/a>\n\t\t\t\t\t\t\t\t\t\t\t\t\t\t\t<\/div>\n\t\t\t\t<\/div>\n\t\t\t\t\t<\/div>\n\t\t<\/div>\n\t\t\t\t<div class=\"elementor-column elementor-col-33 elementor-inner-column elementor-element elementor-element-6d79c70\" data-id=\"6d79c70\" data-element_type=\"column\">\n\t\t\t<div class=\"elementor-widget-wrap elementor-element-populated\">\n\t\t\t\t\t\t\t\t<div class=\"elementor-element elementor-element-a9e4f4b elementor-widget elementor-widget-image\" data-id=\"a9e4f4b\" data-element_type=\"widget\" data-widget_type=\"image.default\">\n\t\t\t\t<div class=\"elementor-widget-container\">\n\t\t\t\t\t\t\t\t\t\t\t\t\t\t\t\t<a href=\"https:\/\/app.myunisoft.fr\/?timestamp=1660831568240\" target=\"_blank\" rel=\"noopener\">\n\t\t\t\t\t\t\t<img loading=\"lazy\" decoding=\"async\" width=\"800\" height=\"800\" src=\"https:\/\/hodl-consulting.com\/wp-content\/uploads\/2022\/08\/unnamed.jpg\" class=\"elementor-animation-pulse attachment-large size-large wp-image-1280\" alt=\"*\" srcset=\"https:\/\/hodl-consulting.com\/wp-content\/uploads\/2022\/08\/unnamed.jpg 900w, https:\/\/hodl-consulting.com\/wp-content\/uploads\/2022\/08\/unnamed-300x300.jpg 300w, https:\/\/hodl-consulting.com\/wp-content\/uploads\/2022\/08\/unnamed-150x150.jpg 150w, https:\/\/hodl-consulting.com\/wp-content\/uploads\/2022\/08\/unnamed-768x768.jpg 768w, https:\/\/hodl-consulting.com\/wp-content\/uploads\/2022\/08\/unnamed-12x12.jpg 12w\" sizes=\"auto, (max-width: 800px) 100vw, 800px\" \/>\t\t\t\t\t\t\t\t<\/a>\n\t\t\t\t\t\t\t\t\t\t\t\t\t\t\t<\/div>\n\t\t\t\t<\/div>\n\t\t\t\t\t<\/div>\n\t\t<\/div>\n\t\t\t\t\t\t\t<\/div>\n\t\t<\/section>\n\t\t\t\t<div class=\"elementor-element elementor-element-3823796 elementor-widget elementor-widget-text-editor\" data-id=\"3823796\" data-element_type=\"widget\" data-widget_type=\"text-editor.default\">\n\t\t\t\t<div class=\"elementor-widget-container\">\n\t\t\t\t\t\t\t<p>Deposit your payroll informations :<\/p>\t\t\t\t\t\t<\/div>\n\t\t\t\t<\/div>\n\t\t\t\t<section class=\"elementor-section elementor-inner-section elementor-element elementor-element-bb65358 elementor-section-boxed elementor-section-height-default elementor-section-height-default\" data-id=\"bb65358\" data-element_type=\"section\" data-settings=\"{&quot;jet_parallax_layout_list&quot;:[],&quot;_ha_eqh_enable&quot;:false}\">\n\t\t\t\t\t\t<div class=\"elementor-container elementor-column-gap-default\">\n\t\t\t\t\t<div class=\"elementor-column elementor-col-50 elementor-inner-column elementor-element elementor-element-95c3aef\" data-id=\"95c3aef\" data-element_type=\"column\">\n\t\t\t<div class=\"elementor-widget-wrap elementor-element-populated\">\n\t\t\t\t\t\t\t\t<div class=\"elementor-element elementor-element-c1d534f elementor-widget elementor-widget-image\" data-id=\"c1d534f\" data-element_type=\"widget\" data-widget_type=\"image.default\">\n\t\t\t\t<div class=\"elementor-widget-container\">\n\t\t\t\t\t\t\t\t\t\t\t\t\t\t\t\t<a href=\"https:\/\/mon-compte.services-experts.fr\/login\" target=\"_blank\" rel=\"noopener\">\n\t\t\t\t\t\t\t<img loading=\"lazy\" decoding=\"async\" width=\"249\" height=\"202\" src=\"https:\/\/hodl-consulting.com\/wp-content\/uploads\/2022\/08\/Rue-de-la-paye.png\" class=\"elementor-animation-pulse attachment-large size-large wp-image-1277\" alt=\"*\" srcset=\"https:\/\/hodl-consulting.com\/wp-content\/uploads\/2022\/08\/Rue-de-la-paye.png 249w, https:\/\/hodl-consulting.com\/wp-content\/uploads\/2022\/08\/Rue-de-la-paye-15x12.png 15w\" sizes=\"auto, (max-width: 249px) 100vw, 249px\" \/>\t\t\t\t\t\t\t\t<\/a>\n\t\t\t\t\t\t\t\t\t\t\t\t\t\t\t<\/div>\n\t\t\t\t<\/div>\n\t\t\t\t\t<\/div>\n\t\t<\/div>\n\t\t\t\t<div class=\"elementor-column elementor-col-50 elementor-inner-column elementor-element elementor-element-dcfea90\" data-id=\"dcfea90\" data-element_type=\"column\">\n\t\t\t<div class=\"elementor-widget-wrap elementor-element-populated\">\n\t\t\t\t\t\t\t\t<div class=\"elementor-element elementor-element-fda4db0 elementor-widget elementor-widget-image\" data-id=\"fda4db0\" data-element_type=\"widget\" data-widget_type=\"image.default\">\n\t\t\t\t<div class=\"elementor-widget-container\">\n\t\t\t\t\t\t\t\t\t\t\t\t\t\t\t\t<a href=\"https:\/\/app.payfit.com\/\" target=\"_blank\" rel=\"noopener\">\n\t\t\t\t\t\t\t<img loading=\"lazy\" decoding=\"async\" width=\"225\" height=\"225\" src=\"https:\/\/hodl-consulting.com\/wp-content\/uploads\/2022\/08\/Payfit.png\" class=\"elementor-animation-pulse attachment-large size-large wp-image-1273\" alt=\"*\" srcset=\"https:\/\/hodl-consulting.com\/wp-content\/uploads\/2022\/08\/Payfit.png 225w, https:\/\/hodl-consulting.com\/wp-content\/uploads\/2022\/08\/Payfit-150x150.png 150w, https:\/\/hodl-consulting.com\/wp-content\/uploads\/2022\/08\/Payfit-12x12.png 12w\" sizes=\"auto, (max-width: 225px) 100vw, 225px\" \/>\t\t\t\t\t\t\t\t<\/a>\n\t\t\t\t\t\t\t\t\t\t\t\t\t\t\t<\/div>\n\t\t\t\t<\/div>\n\t\t\t\t\t<\/div>\n\t\t<\/div>\n\t\t\t\t\t\t\t<\/div>\n\t\t<\/section>\n\t\t\t\t<div class=\"elementor-element elementor-element-3b56dc9 elementor-widget elementor-widget-text-editor\" data-id=\"3b56dc9\" data-element_type=\"widget\" data-widget_type=\"text-editor.default\">\n\t\t\t\t<div class=\"elementor-widget-container\">\n\t\t\t\t\t\t\t<p>Deposit your crypto transactions :\u00a0<\/p>\t\t\t\t\t\t<\/div>\n\t\t\t\t<\/div>\n\t\t\t\t<section class=\"elementor-section elementor-inner-section elementor-element elementor-element-8cebc73 elementor-section-boxed elementor-section-height-default elementor-section-height-default\" data-id=\"8cebc73\" data-element_type=\"section\" data-settings=\"{&quot;jet_parallax_layout_list&quot;:[],&quot;_ha_eqh_enable&quot;:false}\">\n\t\t\t\t\t\t<div class=\"elementor-container elementor-column-gap-default\">\n\t\t\t\t\t<div class=\"elementor-column elementor-col-50 elementor-inner-column elementor-element elementor-element-0378dab\" data-id=\"0378dab\" data-element_type=\"column\">\n\t\t\t<div class=\"elementor-widget-wrap elementor-element-populated\">\n\t\t\t\t\t\t\t\t<div class=\"elementor-element elementor-element-c871d88 elementor-widget elementor-widget-image\" data-id=\"c871d88\" data-element_type=\"widget\" data-widget_type=\"image.default\">\n\t\t\t\t<div class=\"elementor-widget-container\">\n\t\t\t\t\t\t\t\t\t\t\t\t\t\t\t\t<a href=\"https:\/\/app.cryptio.co\/login\" target=\"_blank\" rel=\"noopener\">\n\t\t\t\t\t\t\t<img loading=\"lazy\" decoding=\"async\" width=\"200\" height=\"200\" src=\"https:\/\/hodl-consulting.com\/wp-content\/uploads\/2022\/08\/cryptio.png\" class=\"elementor-animation-pulse attachment-large size-large wp-image-1268\" alt=\"*\" srcset=\"https:\/\/hodl-consulting.com\/wp-content\/uploads\/2022\/08\/cryptio.png 200w, https:\/\/hodl-consulting.com\/wp-content\/uploads\/2022\/08\/cryptio-150x150.png 150w, https:\/\/hodl-consulting.com\/wp-content\/uploads\/2022\/08\/cryptio-12x12.png 12w\" sizes=\"auto, (max-width: 200px) 100vw, 200px\" \/>\t\t\t\t\t\t\t\t<\/a>\n\t\t\t\t\t\t\t\t\t\t\t\t\t\t\t<\/div>\n\t\t\t\t<\/div>\n\t\t\t\t\t<\/div>\n\t\t<\/div>\n\t\t\t\t<div class=\"elementor-column elementor-col-50 elementor-inner-column elementor-element elementor-element-a43786d\" data-id=\"a43786d\" data-element_type=\"column\">\n\t\t\t<div class=\"elementor-widget-wrap elementor-element-populated\">\n\t\t\t\t\t\t\t\t<div class=\"elementor-element elementor-element-90d26df elementor-widget elementor-widget-image\" data-id=\"90d26df\" data-element_type=\"widget\" data-widget_type=\"image.default\">\n\t\t\t\t<div class=\"elementor-widget-container\">\n\t\t\t\t\t\t\t\t\t\t\t\t\t\t\t<img loading=\"lazy\" decoding=\"async\" width=\"800\" height=\"800\" src=\"https:\/\/hodl-consulting.com\/wp-content\/uploads\/2022\/08\/MetaMask_Fox.svg-1024x1024.png\" class=\"elementor-animation-pulse attachment-large size-large wp-image-1290\" alt=\"*\" srcset=\"https:\/\/hodl-consulting.com\/wp-content\/uploads\/2022\/08\/MetaMask_Fox.svg-1024x1024.png 1024w, https:\/\/hodl-consulting.com\/wp-content\/uploads\/2022\/08\/MetaMask_Fox.svg-300x300.png 300w, https:\/\/hodl-consulting.com\/wp-content\/uploads\/2022\/08\/MetaMask_Fox.svg-150x150.png 150w, https:\/\/hodl-consulting.com\/wp-content\/uploads\/2022\/08\/MetaMask_Fox.svg-768x768.png 768w, https:\/\/hodl-consulting.com\/wp-content\/uploads\/2022\/08\/MetaMask_Fox.svg-12x12.png 12w, https:\/\/hodl-consulting.com\/wp-content\/uploads\/2022\/08\/MetaMask_Fox.svg.png 1200w\" sizes=\"auto, (max-width: 800px) 100vw, 800px\" \/>\t\t\t\t\t\t\t\t\t\t\t\t\t\t\t<\/div>\n\t\t\t\t<\/div>\n\t\t\t\t\t<\/div>\n\t\t<\/div>\n\t\t\t\t\t\t\t<\/div>\n\t\t<\/section>\n\t\t\t\t\t<\/div>\n\t\t<\/div>\n\t\t\t\t<div class=\"elementor-column elementor-col-50 elementor-top-column elementor-element elementor-element-2ca2b27 elementor-invisible\" data-id=\"2ca2b27\" data-element_type=\"column\" data-settings=\"{&quot;background_background&quot;:&quot;classic&quot;,&quot;animation&quot;:&quot;fadeInUp&quot;}\">\n\t\t\t<div class=\"elementor-widget-wrap elementor-element-populated\">\n\t\t\t\t\t\t\t\t<div class=\"elementor-element elementor-element-a653585 elementor-widget elementor-widget-image\" data-id=\"a653585\" data-element_type=\"widget\" data-widget_type=\"image.default\">\n\t\t\t\t<div class=\"elementor-widget-container\">\n\t\t\t\t\t\t\t\t\t\t\t\t\t\t\t<img loading=\"lazy\" decoding=\"async\" width=\"800\" height=\"800\" src=\"https:\/\/hodl-consulting.com\/wp-content\/uploads\/2022\/08\/member-1024x1024.png\" class=\"attachment-large size-large wp-image-1260\" alt=\"*\" srcset=\"https:\/\/hodl-consulting.com\/wp-content\/uploads\/2022\/08\/member-1024x1024.png 1024w, https:\/\/hodl-consulting.com\/wp-content\/uploads\/2022\/08\/member-300x300.png 300w, https:\/\/hodl-consulting.com\/wp-content\/uploads\/2022\/08\/member-150x150.png 150w, https:\/\/hodl-consulting.com\/wp-content\/uploads\/2022\/08\/member-768x768.png 768w, https:\/\/hodl-consulting.com\/wp-content\/uploads\/2022\/08\/member-1536x1536.png 1536w, https:\/\/hodl-consulting.com\/wp-content\/uploads\/2022\/08\/member-2048x2048.png 2048w, https:\/\/hodl-consulting.com\/wp-content\/uploads\/2022\/08\/member-12x12.png 12w\" sizes=\"auto, (max-width: 800px) 100vw, 800px\" \/>\t\t\t\t\t\t\t\t\t\t\t\t\t\t\t<\/div>\n\t\t\t\t<\/div>\n\t\t\t\t\t<\/div>\n\t\t<\/div>\n\t\t\t\t\t\t\t<\/div>\n\t\t<\/section>\n\t\t\t\t\t\t\t<\/div>","protected":false},"excerpt":{"rendered":"<p>Espace client D\u00e9p\u00f4t des pi\u00e8ces et suivis de votre comptabilit\u00e9 :\u00a0 Transmettez vos variables de paies : D\u00e9posez vos transactions en crytpo :\u00a0<\/p>","protected":false},"author":1,"featured_media":0,"parent":0,"menu_order":0,"comment_status":"closed","ping_status":"closed","template":"elementor_header_footer","meta":{"footnotes":""},"class_list":["post-1258","page","type-page","status-publish","hentry"],"_links":{"self":[{"href":"https:\/\/hodl-consulting.com\/en\/wp-json\/wp\/v2\/pages\/1258","targetHints":{"allow":["GET"]}}],"collection":[{"href":"https:\/\/hodl-consulting.com\/en\/wp-json\/wp\/v2\/pages"}],"about":[{"href":"https:\/\/hodl-consulting.com\/en\/wp-json\/wp\/v2\/types\/page"}],"author":[{"embeddable":true,"href":"https:\/\/hodl-consulting.com\/en\/wp-json\/wp\/v2\/users\/1"}],"replies":[{"embeddable":true,"href":"https:\/\/hodl-consulting.com\/en\/wp-json\/wp\/v2\/comments?post=1258"}],"version-history":[{"count":34,"href":"https:\/\/hodl-consulting.com\/en\/wp-json\/wp\/v2\/pages\/1258\/revisions"}],"predecessor-version":[{"id":2805,"href":"https:\/\/hodl-consulting.com\/en\/wp-json\/wp\/v2\/pages\/1258\/revisions\/2805"}],"wp:attachment":[{"href":"https:\/\/hodl-consulting.com\/en\/wp-json\/wp\/v2\/media?parent=1258"}],"curies":[{"name":"wp","href":"https:\/\/api.w.org\/{rel}","templated":true}]}}